{"id":344,"date":"2018-08-08T10:39:59","date_gmt":"2018-08-08T15:39:59","guid":{"rendered":"http:\/\/wpbilingual-staging.whc.ca\/?page_id=344"},"modified":"2026-04-06T09:43:17","modified_gmt":"2026-04-06T13:43:17","slug":"a-propos","status":"publish","type":"page","link":"https:\/\/geraldinentiope.ca\/fr_ca\/a-propos\/","title":{"rendered":"\u00c0 propos"},"content":{"rendered":"\n<div class=\"wp-block-group alignfull is-style-ext-preset--group--natural-1--section has-background-background-color has-background\" style=\"margin-top:0;margin-bottom:0;padding-top:var(--wp--preset--spacing--60);padding-right:var(--wp--preset--spacing--30);padding-bottom:var(--wp--preset--spacing--60);padding-left:var(--wp--preset--spacing--30)\"><div class=\"wp-block-group__inner-container is-layout-constrained wp-container-core-group-is-layout-392eb801 wp-block-group-is-layout-constrained\">\n<div class=\"wp-block-columns alignwide are-vertically-aligned-center is-layout-flex wp-container-core-columns-is-layout-30f78326 wp-block-columns-is-layout-flex\">\n<div class=\"wp-block-column is-vertically-aligned-center is-layout-flow wp-block-column-is-layout-flow\" style=\"flex-basis:50%\">\n<figure class=\"wp-block-image size-full is-style-ext-preset--image--natural-1--image-1--content-bottom\"><img loading=\"lazy\" decoding=\"async\" width=\"936\" height=\"936\" src=\"https:\/\/geraldinentiope.ca\/wp-content\/uploads\/2026\/02\/Portrait3.jpg\" alt=\"\" class=\"wp-image-627\" style=\"aspect-ratio:1;object-fit:cover\" srcset=\"https:\/\/geraldinentiope.ca\/wp-content\/uploads\/2026\/02\/Portrait3.jpg 936w, https:\/\/geraldinentiope.ca\/wp-content\/uploads\/2026\/02\/Portrait3-300x300.jpg 300w, https:\/\/geraldinentiope.ca\/wp-content\/uploads\/2026\/02\/Portrait3-150x150.jpg 150w, https:\/\/geraldinentiope.ca\/wp-content\/uploads\/2026\/02\/Portrait3-768x768.jpg 768w, https:\/\/geraldinentiope.ca\/wp-content\/uploads\/2026\/02\/Portrait3-100x100.jpg 100w\" sizes=\"auto, (max-width: 767px) 89vw, (max-width: 1000px) 54vw, (max-width: 1071px) 543px, 580px\" \/><\/figure>\n<\/div>\n\n\n\n<div class=\"wp-block-column is-vertically-aligned-center is-layout-flow wp-block-column-is-layout-flow\" style=\"flex-basis:60%\">\n<p><\/p>\n\n\n\n<p style=\"margin-top:16px\">Artiste multidisciplinaire et productrice \u00e9mergente originaire de Guadeloupe, dipl\u00f4m\u00e9e du Campus carib\u00e9en des Arts (Martinique), \u00e9tablie \u00e0 Montr\u00e9al depuis 2013. <\/p>\n<\/div>\n<\/div>\n<\/div><\/div>\n\n\n<p>Ma pratique traverse l&rsquo;illustration, la peinture, la photographie et le cin\u00e9ma, et s&rsquo;oriente vers la sc\u00e9narisation d&rsquo;exp\u00e9riences immersives et l&rsquo;art num\u00e9rique que je d\u00e9veloppe au sein de ma compagnie de production ind\u00e9pendante, Filao Productions Inc.<\/p>\n<p>Mon travail artistique explore les structures du conte traditionnel cr\u00e9ole, son oralit\u00e9, ses rituels et ses d\u00e9tours comme cadre narratif et conceptuel. La figure du \u00ab\u00a0Potomitan\u00a0\u00bb, ces femmes antillaises piliers de leur communaut\u00e9, est au centre de ma recherche, \u00e0 travers la migration, l&rsquo;identit\u00e9 en reconstruction et la r\u00e9silience. Mon projet artistique est \u00e0 l&rsquo;intersection entre patrimoine culturel carib\u00e9en et technologies num\u00e9riques, prolongeant la tradition orale carib\u00e9enne dans des dispositifs immersifs qui en restituent la dimension corporelle et communautaire.<\/p>\n\n\n<p><\/p>\n","protected":false},"excerpt":{"rendered":"<p>Artiste multidisciplinaire et productrice \u00e9mergente originaire de Guadeloupe, dipl\u00f4m\u00e9e du Campus carib\u00e9en des Arts (Martinique), \u00e9tablie \u00e0 Montr\u00e9al depuis 2013. Ma pratique traverse l&rsquo;illustration, la peinture, la photographie et le cin\u00e9ma, et s&rsquo;oriente vers la sc\u00e9narisation d&rsquo;exp\u00e9riences immersives et l&rsquo;art num\u00e9rique que je d\u00e9veloppe au sein de ma compagnie de production ind\u00e9pendante, Filao Productions Inc. &hellip; <\/p>\n<p class=\"link-more\"><a href=\"https:\/\/geraldinentiope.ca\/fr_ca\/a-propos\/\" class=\"more-link\">Continuer la lecture<span class=\"screen-reader-text\"> de &laquo; \u00c0 propos &raquo;<\/span><\/a><\/p>\n","protected":false},"author":1,"featured_media":0,"parent":0,"menu_order":0,"comment_status":"closed","ping_status":"closed","template":"","meta":{"footnotes":""},"class_list":["post-344","page","type-page","status-publish","hentry"],"_links":{"self":[{"href":"https:\/\/geraldinentiope.ca\/fr_ca\/wp-json\/wp\/v2\/pages\/344","targetHints":{"allow":["GET"]}}],"collection":[{"href":"https:\/\/geraldinentiope.ca\/fr_ca\/wp-json\/wp\/v2\/pages"}],"about":[{"href":"https:\/\/geraldinentiope.ca\/fr_ca\/wp-json\/wp\/v2\/types\/page"}],"author":[{"embeddable":true,"href":"https:\/\/geraldinentiope.ca\/fr_ca\/wp-json\/wp\/v2\/users\/1"}],"replies":[{"embeddable":true,"href":"https:\/\/geraldinentiope.ca\/fr_ca\/wp-json\/wp\/v2\/comments?post=344"}],"version-history":[{"count":15,"href":"https:\/\/geraldinentiope.ca\/fr_ca\/wp-json\/wp\/v2\/pages\/344\/revisions"}],"predecessor-version":[{"id":734,"href":"https:\/\/geraldinentiope.ca\/fr_ca\/wp-json\/wp\/v2\/pages\/344\/revisions\/734"}],"wp:attachment":[{"href":"https:\/\/geraldinentiope.ca\/fr_ca\/wp-json\/wp\/v2\/media?parent=344"}],"curies":[{"name":"wp","href":"https:\/\/api.w.org\/{rel}","templated":true}]}}