{"id":298,"date":"2018-08-07T15:56:21","date_gmt":"2018-08-07T20:56:21","guid":{"rendered":"http:\/\/wpbilingual-staging.whc.ca\/?page_id=298"},"modified":"2026-04-06T09:42:41","modified_gmt":"2026-04-06T13:42:41","slug":"accueil","status":"publish","type":"page","link":"https:\/\/geraldinentiope.ca\/fr_ca\/","title":{"rendered":"Accueil"},"content":{"rendered":"\n<hr class=\"wp-block-separator has-alpha-channel-opacity\"\/>\n\n\n\n<div class=\"wp-block-media-text alignfull is-stacked-on-mobile is-vertically-aligned-center\"><figure class=\"wp-block-media-text__media\"><img loading=\"lazy\" decoding=\"async\" width=\"1024\" height=\"1024\" src=\"https:\/\/geraldinentiope.ca\/wp-content\/uploads\/2026\/02\/portrait4-1024x1024.jpg\" alt=\"\" class=\"wp-image-628 size-full\" srcset=\"https:\/\/geraldinentiope.ca\/wp-content\/uploads\/2026\/02\/portrait4-1024x1024.jpg 1024w, https:\/\/geraldinentiope.ca\/wp-content\/uploads\/2026\/02\/portrait4-300x300.jpg 300w, https:\/\/geraldinentiope.ca\/wp-content\/uploads\/2026\/02\/portrait4-150x150.jpg 150w, https:\/\/geraldinentiope.ca\/wp-content\/uploads\/2026\/02\/portrait4-768x768.jpg 768w, https:\/\/geraldinentiope.ca\/wp-content\/uploads\/2026\/02\/portrait4-1536x1536.jpg 1536w, https:\/\/geraldinentiope.ca\/wp-content\/uploads\/2026\/02\/portrait4-2048x2048.jpg 2048w, https:\/\/geraldinentiope.ca\/wp-content\/uploads\/2026\/02\/portrait4-100x100.jpg 100w\" sizes=\"auto, (max-width: 767px) 89vw, (max-width: 1000px) 54vw, (max-width: 1071px) 543px, 580px\" \/><\/figure><div class=\"wp-block-media-text__content\">\n<h3 class=\"wp-block-heading has-text-align-center has-white-color has-text-color\"><mark style=\"background-color:rgba(0, 0, 0, 0)\" class=\"has-inline-color has-white-color\"><strong>Artiste multidisciplinaire <\/strong><br><strong>et designer graphique<\/strong><\/mark><\/h3>\n\n\n\n<p>Mon travail artistique explore les structures du conte traditionnel cr\u00e9ole, son oralit\u00e9, ses rituels et ses d\u00e9tours comme cadre narratif et conceptuel.  Ma pratique traverse l&rsquo;illustration, la peinture, la photographie et le cin\u00e9ma et puise dans l&rsquo;univers des contes cr\u00e9oles et des proverbes antillais.<\/p>\n\n\n\n<p class=\"has-text-align-center has-extra-small-font-size\"><a href=\"http:\/\/geraldinentiope.ca\/a-propos\">En savoir plus &#x2197;<\/a><\/p>\n<\/div><\/div>\n\n\n\n<hr class=\"wp-block-separator has-alpha-channel-opacity\"\/>\n\n\n\n<h2 class=\"wp-block-heading\">Explorez<\/h2>\n\n\n\n<div class=\"wp-block-group\"><div class=\"wp-block-group__inner-container is-layout-constrained wp-block-group-is-layout-constrained\">\n<div class=\"wp-block-columns is-layout-flex wp-container-core-columns-is-layout-9d6595d7 wp-block-columns-is-layout-flex\">\n<div class=\"wp-block-column is-layout-flow wp-block-column-is-layout-flow\">\n<div class=\"wp-block-cover\" style=\"min-height:300px;aspect-ratio:unset;\"><img loading=\"lazy\" decoding=\"async\" width=\"1024\" height=\"614\" class=\"wp-block-cover__image-background wp-image-555\" alt=\"\" src=\"https:\/\/geraldinentiope.ca\/wp-content\/uploads\/2026\/02\/instal_02-1024x614.jpg\" data-object-fit=\"cover\" srcset=\"https:\/\/geraldinentiope.ca\/wp-content\/uploads\/2026\/02\/instal_02-1024x614.jpg 1024w, https:\/\/geraldinentiope.ca\/wp-content\/uploads\/2026\/02\/instal_02-300x180.jpg 300w, https:\/\/geraldinentiope.ca\/wp-content\/uploads\/2026\/02\/instal_02-768x461.jpg 768w, https:\/\/geraldinentiope.ca\/wp-content\/uploads\/2026\/02\/instal_02-1536x922.jpg 1536w, https:\/\/geraldinentiope.ca\/wp-content\/uploads\/2026\/02\/instal_02.jpg 2000w\" sizes=\"auto, (max-width: 767px) 89vw, (max-width: 1000px) 54vw, (max-width: 1071px) 543px, 580px\" \/><span aria-hidden=\"true\" class=\"wp-block-cover__background has-background-dim\"><\/span><div class=\"wp-block-cover__inner-container is-layout-flow wp-block-cover-is-layout-flow\">\n<p class=\"has-text-align-center has-white-color has-text-color has-link-color has-medium-font-size wp-elements-2e60ff2d818fd2af1523df4272ef127a\"><a href=\"https:\/\/geraldinentiope.ca\/galerie\/installations\/\" data-type=\"page\" data-id=\"435\">Installations<\/a><\/p>\n<\/div><\/div>\n\n\n\n<div class=\"wp-block-cover\" style=\"min-height:300px;aspect-ratio:unset;\"><img loading=\"lazy\" decoding=\"async\" width=\"1024\" height=\"614\" class=\"wp-block-cover__image-background wp-image-624\" alt=\"\" src=\"https:\/\/geraldinentiope.ca\/wp-content\/uploads\/2026\/02\/dessin-05-1024x614.jpg\" data-object-fit=\"cover\" srcset=\"https:\/\/geraldinentiope.ca\/wp-content\/uploads\/2026\/02\/dessin-05-1024x614.jpg 1024w, https:\/\/geraldinentiope.ca\/wp-content\/uploads\/2026\/02\/dessin-05-300x180.jpg 300w, https:\/\/geraldinentiope.ca\/wp-content\/uploads\/2026\/02\/dessin-05-768x461.jpg 768w, https:\/\/geraldinentiope.ca\/wp-content\/uploads\/2026\/02\/dessin-05-1536x922.jpg 1536w, https:\/\/geraldinentiope.ca\/wp-content\/uploads\/2026\/02\/dessin-05.jpg 2000w\" sizes=\"auto, (max-width: 767px) 89vw, (max-width: 1000px) 54vw, (max-width: 1071px) 543px, 580px\" \/><span aria-hidden=\"true\" class=\"wp-block-cover__background has-background-dim\"><\/span><div class=\"wp-block-cover__inner-container is-layout-flow wp-block-cover-is-layout-flow\">\n<p class=\"has-text-align-center has-medium-font-size\"><a href=\"https:\/\/geraldinentiope.ca\/galerie\/animations\/\" data-type=\"page\" data-id=\"439\"><mark style=\"background-color:rgba(0, 0, 0, 0)\" class=\"has-inline-color has-white-color\">Animations<\/mark><\/a><\/p>\n<\/div><\/div>\n<\/div>\n\n\n\n<div class=\"wp-block-column is-layout-flow wp-block-column-is-layout-flow\">\n<div class=\"wp-block-cover\" style=\"min-height:300px;aspect-ratio:unset;\"><img loading=\"lazy\" decoding=\"async\" width=\"1024\" height=\"1024\" class=\"wp-block-cover__image-background wp-image-526\" alt=\"\" src=\"https:\/\/geraldinentiope.ca\/wp-content\/uploads\/2026\/02\/image-10-1024x1024.jpg\" data-object-fit=\"cover\" srcset=\"https:\/\/geraldinentiope.ca\/wp-content\/uploads\/2026\/02\/image-10-1024x1024.jpg 1024w, https:\/\/geraldinentiope.ca\/wp-content\/uploads\/2026\/02\/image-10-300x300.jpg 300w, https:\/\/geraldinentiope.ca\/wp-content\/uploads\/2026\/02\/image-10-150x150.jpg 150w, https:\/\/geraldinentiope.ca\/wp-content\/uploads\/2026\/02\/image-10-768x768.jpg 768w, https:\/\/geraldinentiope.ca\/wp-content\/uploads\/2026\/02\/image-10-100x100.jpg 100w, https:\/\/geraldinentiope.ca\/wp-content\/uploads\/2026\/02\/image-10.jpg 1056w\" sizes=\"auto, (max-width: 767px) 89vw, (max-width: 1000px) 54vw, (max-width: 1071px) 543px, 580px\" \/><span aria-hidden=\"true\" class=\"wp-block-cover__background has-background-dim\"><\/span><div class=\"wp-block-cover__inner-container is-layout-flow wp-block-cover-is-layout-flow\">\n<p class=\"has-text-align-center has-white-color has-text-color has-link-color has-medium-font-size wp-elements-ec01b778d3d9d30335dc4d22aa402205\"><a href=\"https:\/\/geraldinentiope.ca\/galerie\/peintures\/\" data-type=\"page\" data-id=\"433\">Peintures<\/a><\/p>\n<\/div><\/div>\n\n\n\n<div class=\"wp-block-cover\" style=\"min-height:300px;aspect-ratio:unset;\"><img loading=\"lazy\" decoding=\"async\" width=\"1024\" height=\"614\" class=\"wp-block-cover__image-background wp-image-402\" alt=\"\" src=\"https:\/\/geraldinentiope.ca\/wp-content\/uploads\/2026\/02\/head2-1024x614.jpg\" data-object-fit=\"cover\" srcset=\"https:\/\/geraldinentiope.ca\/wp-content\/uploads\/2026\/02\/head2-1024x614.jpg 1024w, https:\/\/geraldinentiope.ca\/wp-content\/uploads\/2026\/02\/head2-300x180.jpg 300w, https:\/\/geraldinentiope.ca\/wp-content\/uploads\/2026\/02\/head2-768x461.jpg 768w, https:\/\/geraldinentiope.ca\/wp-content\/uploads\/2026\/02\/head2-1536x922.jpg 1536w, https:\/\/geraldinentiope.ca\/wp-content\/uploads\/2026\/02\/head2.jpg 2000w\" sizes=\"auto, (max-width: 767px) 89vw, (max-width: 1000px) 54vw, (max-width: 1071px) 543px, 580px\" \/><span aria-hidden=\"true\" class=\"wp-block-cover__background has-background-dim\"><\/span><div class=\"wp-block-cover__inner-container is-layout-flow wp-block-cover-is-layout-flow\">\n<p class=\"has-text-align-center has-medium-font-size\"><a href=\"https:\/\/geraldinentiope.ca\/galerie\/mix-media\/\" data-type=\"page\" data-id=\"441\"><mark style=\"background-color:rgba(0, 0, 0, 0)\" class=\"has-inline-color has-white-color\">Mix-m\u00e9dia<\/mark><\/a><\/p>\n<\/div><\/div>\n<\/div>\n<\/div>\n\n\n\n<p><\/p>\n<\/div><\/div>\n","protected":false},"excerpt":{"rendered":"<p>Artiste multidisciplinaire et designer graphique Mon travail artistique explore les structures du conte traditionnel cr\u00e9ole, son oralit\u00e9, ses rituels et ses d\u00e9tours comme cadre narratif et conceptuel. Ma pratique traverse l&rsquo;illustration, la peinture, la photographie et le cin\u00e9ma et puise dans l&rsquo;univers des contes cr\u00e9oles et des proverbes antillais. En savoir plus &#x2197; Explorez<\/p>\n","protected":false},"author":1,"featured_media":0,"parent":0,"menu_order":0,"comment_status":"closed","ping_status":"open","template":"","meta":{"footnotes":""},"class_list":["post-298","page","type-page","status-publish","hentry"],"_links":{"self":[{"href":"https:\/\/geraldinentiope.ca\/fr_ca\/wp-json\/wp\/v2\/pages\/298","targetHints":{"allow":["GET"]}}],"collection":[{"href":"https:\/\/geraldinentiope.ca\/fr_ca\/wp-json\/wp\/v2\/pages"}],"about":[{"href":"https:\/\/geraldinentiope.ca\/fr_ca\/wp-json\/wp\/v2\/types\/page"}],"author":[{"embeddable":true,"href":"https:\/\/geraldinentiope.ca\/fr_ca\/wp-json\/wp\/v2\/users\/1"}],"replies":[{"embeddable":true,"href":"https:\/\/geraldinentiope.ca\/fr_ca\/wp-json\/wp\/v2\/comments?post=298"}],"version-history":[{"count":34,"href":"https:\/\/geraldinentiope.ca\/fr_ca\/wp-json\/wp\/v2\/pages\/298\/revisions"}],"predecessor-version":[{"id":733,"href":"https:\/\/geraldinentiope.ca\/fr_ca\/wp-json\/wp\/v2\/pages\/298\/revisions\/733"}],"wp:attachment":[{"href":"https:\/\/geraldinentiope.ca\/fr_ca\/wp-json\/wp\/v2\/media?parent=298"}],"curies":[{"name":"wp","href":"https:\/\/api.w.org\/{rel}","templated":true}]}}